{"id":2,"date":"2022-09-08T10:49:36","date_gmt":"2022-09-08T08:49:36","guid":{"rendered":"https:\/\/websites.fraunhofer.de\/cooperate\/?page_id=2"},"modified":"2022-12-06T18:11:02","modified_gmt":"2022-12-06T17:11:02","slug":"cooperate","status":"publish","type":"page","link":"https:\/\/projekt-cooperate.de\/","title":{"rendered":"Cooperate"},"content":{"rendered":"\n<p>Forschungsziel: Steigerung des \u00f6kologischen Potenzials von schwingungsbelasteten Produkten aus Kunststoff<\/p>\n\n\n\n<p><\/p>\n\n\n\n<p><strong>In der Produktentwicklung gibt es gro\u00dfes Potenzial zur Reduktion von Emissionen. Mit dem Forschungsprojekt \u00bbCO<sub>2<\/sub>-neutrale, lebensdaueroptimierte, kurzfaserverst\u00e4rkte Thermoplaste f\u00fcr dynamische Applikationen COOPERATE\u00ab unter Leitung des Fraunhofer LBF in Darmstadt, f\u00f6rdert das Bundesministerium f\u00fcr Wirtschaft und Klimaschutz BMWK Methoden, die Produktgestaltung und die Auslegung hinsichtlich \u00d6kobilanz und Nachhaltigkeit grundlegend zu verbessern. Die Kombination von Substitution erd\u00f6lbasierter Kunststoffe durch klimaneutrale, biobasierte Alternativen und die Entwicklung verbesserter Methoden zur Auslegung und Optimierung von Bauteilen, soll den CO<sub>2<\/sub>-Bedarf bei der Produktion von Kunststoffbauteilen in Gebrauchsg\u00fctern um bis zu 75 Prozent reduzieren.<\/strong><\/p>\n\n\n\n<p>Durch die Reduktion des Materialeinsatzes und die Verwendung biobasierter Komposite soll der CO<sub>2<\/sub>-Bedarf bei der Produktion von Kunststoffbauteilen in Gebrauchsg\u00fctern um bis zu 75 Prozent reduziert werden. Dabei entwickeln die Projektpartner gemeinsam materialsparende Konstruktionsmethoden und biobasierte Komposite f\u00fcr langlebige und hoch beanspruchbare Bauteile &#8211; Dabei dienen konkrete Anwendungsbeispiele aus dem Bereich  der Fahrzeugtechnik als Ma\u00dfstab.<\/p>\n\n\n\n<p><strong>CO<sub>2<\/sub>-Einsparung durch Ressourceneffizienz und Materialsubstitution<\/strong><\/p>\n\n\n\n<p>Zur Reduktion der eingesetzten Materialmenge sollen f\u00fcr den Einsatz in schwingungsbelasteten Gebrauchsg\u00fctern die Designprozesse verbessert werden. Hierdurch werden das Leichtbaupotential und die damit einhergehende Ressourceneffizienz gesteigert. Dabei entstehen u.a. neue Berechnungsmethoden, welche die Einfl\u00fcsse der Herstellung auf das quasistatische und das dynamische Verhalten der Werkstoffe ber\u00fccksichtigen. Eine Voraussetzung zur Aussch\u00f6pfung des Leichtbaupotentials ist die pr\u00e4zise Charakterisierung der eingesetzten Werkstoffen und die Validierung der Simulationsmethoden.<\/p>\n\n\n\n<p>Durch den Einsatz biobasierter Werkstoffe wird eine erhebliche Einsparung der materialbezogenen Treibhausgasemissionen erreicht. Im Projekt COOPERATE erforschen die Partner gemeinsam Substitute mit signifikant geringeren Anteilen petrochemisch erzeugter Bestandteile und optimieren diese f\u00fcr den Einsatz in schwingungsbelasteten Gebrauchsg\u00fctern. Da biobasierte Materialien eine andere Performance als konventionelle Werkstoffe erreichen, werden in diesem Projekt die klimaneutralen Substitute weiterentwickelt und praxisrelevante Untersuchungen der Materialeigenschaften hinsichtlich strukturell wichtiger Kennwerte durchgef\u00fchrt.<\/p>\n\n\n\n<p>Die neuen Methoden und die verbesserten Materialeigenschaften ebnen den Weg f\u00fcr den Einsatz von neuen Kunststoffen in weiteren Technologiefelder. Das Vorhaben \u00bbCOOPERATE\u00ab verfolgt insgesamt die Ziele der leichtbaubezogenen Entwicklung ressourceneffizienter Verfahren und die Substitution treibhausgasintensiver Materialien.<\/p>\n\n\n\n<hr class=\"wp-block-separator has-alpha-channel-opacity\"\/>\n\n\n\n<p><em>Projektpartner:<\/em><\/p>\n\n\n\n<p>BOGE Elastmetall GmbH<\/p>\n\n\n\n<p>TECNARO GmbH<\/p>\n\n\n\n<p>Technische Universit\u00e4t M\u00fcnchen<\/p>\n\n\n\n<p>Fraunhofer-Institut f\u00fcr Betriebsfestigkeit und Systemzuverl\u00e4ssigkeit LBF<\/p>\n\n\n\n<p><em>Projektleitung:<\/em> Fraunhofer-Institut f\u00fcr Betriebsfestigkeit und Systemzuverl\u00e4ssigkeit LBF<\/p>\n\n\n\n<p><em>F\u00f6rdergeber: <\/em>Bundesministerium f\u00fcr Wirtschaft und Klimaschutz BMWK<\/p>\n\n\n\n<p><em>Laufzeit:<\/em>&nbsp; 01.11.2021 \u2013 30.10.2024<\/p>\n","protected":false},"excerpt":{"rendered":"<p>Forschungsziel: Steigerung des \u00f6kologischen Potenzials von schwingungsbelasteten Produkten aus Kunststoff In der Produktentwicklung gibt es gro\u00dfes Potenzial zur Reduktion von Emissionen. Mit dem Forschungsprojekt \u00bbCO2-neutrale, lebensdaueroptimierte, kurzfaserverst\u00e4rkte Thermoplaste f\u00fcr dynamische Applikationen COOPERATE\u00ab unter Leitung des Fraunhofer LBF in Darmstadt, f\u00f6rdert das Bundesministerium f\u00fcr Wirtschaft und Klimaschutz BMWK Methoden, die Produktgestaltung und die Auslegung hinsichtlich \u00d6kobilanz&hellip; <a class=\"more-link\" href=\"https:\/\/projekt-cooperate.de\/\"><span class=\"screen-reader-text\">Cooperate<\/span> weiterlesen<\/a><\/p>\n","protected":false},"author":1,"featured_media":0,"parent":0,"menu_order":0,"comment_status":"closed","ping_status":"closed","template":"","meta":{"footnotes":""},"class_list":["post-2","page","type-page","status-publish","hentry","entry"],"_links":{"self":[{"href":"https:\/\/projekt-cooperate.de\/index.php?rest_route=\/wp\/v2\/pages\/2","targetHints":{"allow":["GET"]}}],"collection":[{"href":"https:\/\/projekt-cooperate.de\/index.php?rest_route=\/wp\/v2\/pages"}],"about":[{"href":"https:\/\/projekt-cooperate.de\/index.php?rest_route=\/wp\/v2\/types\/page"}],"author":[{"embeddable":true,"href":"https:\/\/projekt-cooperate.de\/index.php?rest_route=\/wp\/v2\/users\/1"}],"replies":[{"embeddable":true,"href":"https:\/\/projekt-cooperate.de\/index.php?rest_route=%2Fwp%2Fv2%2Fcomments&post=2"}],"version-history":[{"count":12,"href":"https:\/\/projekt-cooperate.de\/index.php?rest_route=\/wp\/v2\/pages\/2\/revisions"}],"predecessor-version":[{"id":86,"href":"https:\/\/projekt-cooperate.de\/index.php?rest_route=\/wp\/v2\/pages\/2\/revisions\/86"}],"wp:attachment":[{"href":"https:\/\/projekt-cooperate.de\/index.php?rest_route=%2Fwp%2Fv2%2Fmedia&parent=2"}],"curies":[{"name":"wp","href":"https:\/\/api.w.org\/{rel}","templated":true}]}}